{"id":91,"date":"2022-04-14T12:47:42","date_gmt":"2022-04-14T10:47:42","guid":{"rendered":"https:\/\/studiopilates-niort.com\/?page_id=91"},"modified":"2022-04-25T19:50:43","modified_gmt":"2022-04-25T17:50:43","slug":"historique%ef%bf%bc","status":"publish","type":"page","link":"https:\/\/studiopilates-niort.com\/?page_id=91","title":{"rendered":"Historique"},"content":{"rendered":"\t\t<div data-elementor-type=\"wp-page\" data-elementor-id=\"91\" class=\"elementor elementor-91\">\n\t\t\t\t\t\t<div class=\"elementor-inner\">\n\t\t\t\t<div class=\"elementor-section-wrap\">\n\t\t\t\t\t\t\t\t\t<section class=\"elementor-section elementor-top-section elementor-element elementor-element-d111146 elementor-section-boxed elementor-section-height-default elementor-section-height-default\" data-id=\"d111146\" data-element_type=\"section\">\n\t\t\t\t\t\t<div class=\"elementor-container elementor-column-gap-default\">\n\t\t\t\t\t\t\t<div class=\"elementor-row\">\n\t\t\t\t\t<div class=\"elementor-column elementor-col-100 elementor-top-column elementor-element elementor-element-d64edc5\" data-id=\"d64edc5\" data-element_type=\"column\">\n\t\t\t<div class=\"elementor-column-wrap elementor-element-populated\">\n\t\t\t\t\t\t\t<div class=\"elementor-widget-wrap\">\n\t\t\t\t\t\t<div class=\"elementor-element elementor-element-90b5737 elementor-widget elementor-widget-heading\" data-id=\"90b5737\" data-element_type=\"widget\" data-widget_type=\"heading.default\">\n\t\t\t\t<div class=\"elementor-widget-container\">\n\t\t\t<h2 class=\"elementor-heading-title elementor-size-default\">Historique<\/h2>\t\t<\/div>\n\t\t\t\t<\/div>\n\t\t\t\t\t\t<\/div>\n\t\t\t\t\t<\/div>\n\t\t<\/div>\n\t\t\t\t\t\t\t\t<\/div>\n\t\t\t\t\t<\/div>\n\t\t<\/section>\n\t\t\t\t<section class=\"elementor-section elementor-top-section elementor-element elementor-element-7612e77 elementor-section-boxed elementor-section-height-default elementor-section-height-default\" data-id=\"7612e77\" data-element_type=\"section\">\n\t\t\t\t\t\t<div class=\"elementor-container elementor-column-gap-default\">\n\t\t\t\t\t\t\t<div class=\"elementor-row\">\n\t\t\t\t\t<div class=\"elementor-column elementor-col-33 elementor-top-column elementor-element elementor-element-78eadd0\" data-id=\"78eadd0\" data-element_type=\"column\">\n\t\t\t<div class=\"elementor-column-wrap elementor-element-populated\">\n\t\t\t\t\t\t\t<div class=\"elementor-widget-wrap\">\n\t\t\t\t\t\t<div class=\"elementor-element elementor-element-8cd15ae elementor-widget elementor-widget-image\" data-id=\"8cd15ae\" data-element_type=\"widget\" data-widget_type=\"image.default\">\n\t\t\t\t<div class=\"elementor-widget-container\">\n\t\t\t\t\t\t\t\t<div class=\"elementor-image\">\n\t\t\t\t\t\t\t\t\t\t\t\t<img width=\"201\" height=\"251\" src=\"https:\/\/studiopilates-niort.com\/wp-content\/uploads\/2022\/04\/Joseph-Pilates-1.jpeg\" class=\"attachment-large size-large\" alt=\"\" loading=\"lazy\" \/>\t\t\t\t\t\t\t\t\t\t\t\t\t\t<\/div>\n\t\t\t\t\t\t<\/div>\n\t\t\t\t<\/div>\n\t\t\t\t<div class=\"elementor-element elementor-element-0753cf3 elementor-widget elementor-widget-image\" data-id=\"0753cf3\" data-element_type=\"widget\" data-widget_type=\"image.default\">\n\t\t\t\t<div class=\"elementor-widget-container\">\n\t\t\t\t\t\t\t\t<div class=\"elementor-image\">\n\t\t\t\t\t\t\t\t\t\t\t\t<img width=\"224\" height=\"225\" src=\"https:\/\/studiopilates-niort.com\/wp-content\/uploads\/2022\/04\/Joseph-Pilates-3.jpeg\" class=\"attachment-medium size-medium\" alt=\"\" loading=\"lazy\" srcset=\"https:\/\/studiopilates-niort.com\/wp-content\/uploads\/2022\/04\/Joseph-Pilates-3.jpeg 224w, https:\/\/studiopilates-niort.com\/wp-content\/uploads\/2022\/04\/Joseph-Pilates-3-150x150.jpeg 150w\" sizes=\"(max-width: 224px) 100vw, 224px\" \/>\t\t\t\t\t\t\t\t\t\t\t\t\t\t<\/div>\n\t\t\t\t\t\t<\/div>\n\t\t\t\t<\/div>\n\t\t\t\t<div class=\"elementor-element elementor-element-eacd2e9 elementor-widget elementor-widget-image\" data-id=\"eacd2e9\" data-element_type=\"widget\" data-widget_type=\"image.default\">\n\t\t\t\t<div class=\"elementor-widget-container\">\n\t\t\t\t\t\t\t\t<div class=\"elementor-image\">\n\t\t\t\t\t\t\t\t\t\t\t\t<img width=\"225\" height=\"225\" src=\"https:\/\/studiopilates-niort.com\/wp-content\/uploads\/2022\/04\/Joseph-Pilates-7.jpeg\" class=\"attachment-medium size-medium\" alt=\"\" loading=\"lazy\" srcset=\"https:\/\/studiopilates-niort.com\/wp-content\/uploads\/2022\/04\/Joseph-Pilates-7.jpeg 225w, https:\/\/studiopilates-niort.com\/wp-content\/uploads\/2022\/04\/Joseph-Pilates-7-150x150.jpeg 150w\" sizes=\"(max-width: 225px) 100vw, 225px\" \/>\t\t\t\t\t\t\t\t\t\t\t\t\t\t<\/div>\n\t\t\t\t\t\t<\/div>\n\t\t\t\t<\/div>\n\t\t\t\t\t\t<\/div>\n\t\t\t\t\t<\/div>\n\t\t<\/div>\n\t\t\t\t<div class=\"elementor-column elementor-col-66 elementor-top-column elementor-element elementor-element-b82d896\" data-id=\"b82d896\" data-element_type=\"column\">\n\t\t\t<div class=\"elementor-column-wrap elementor-element-populated\">\n\t\t\t\t\t\t\t<div class=\"elementor-widget-wrap\">\n\t\t\t\t\t\t<div class=\"elementor-element elementor-element-0191975 elementor-widget elementor-widget-text-editor\" data-id=\"0191975\" data-element_type=\"widget\" data-widget_type=\"text-editor.default\">\n\t\t\t\t<div class=\"elementor-widget-container\">\n\t\t\t\t\t\t\t\t<div class=\"elementor-text-editor elementor-clearfix\">\n\t\t\t\t<p><b style=\"font-size: 14px; color: var( --e-global-color-text );\">Joseph Pilates<\/b><span style=\"font-size: 14px; color: var( --e-global-color-text );\">\u00a0est n\u00e9 en 1880 \u00e0 D\u00fcsseldorf. C&rsquo;\u00e9tait un enfant malingre qui souffrait d&rsquo;asthme et de fi\u00e8vre rhumatismale. Tr\u00e8s jeune, il commen\u00e7a \u00e0 \u00e9tudier l&rsquo;anatomie et \u00e0 pratiquer diff\u00e9rentes sortes d&rsquo;exercices pour am\u00e9liorer sa sant\u00e9 et sa condition physique.<\/span><\/p><p>A l&rsquo;\u00e2ge de 17 ans, il avait d\u00e9j\u00e0 chang\u00e9 son corps, \u00e9tait un athl\u00e8te accompli et posait m\u00eame pour des cartes anatomiques.<br \/>En 1912, il s&rsquo;installe en Angleterre o\u00f9 il travaille comme boxeur professionnel et professeur d&rsquo;autod\u00e9fense, notamment pour les d\u00e9tectives de Scotland Yard.<br \/>Fait prisonnier pendant la guerre 1914-1918 \u00e0 cause de sa nationalit\u00e9 allemande, il est plac\u00e9 comme infirmier dans un camp pour bless\u00e9s militaires. Dans le cadre de son travail aupr\u00e8s des bless\u00e9s de guerre, il \u00e9labore une s\u00e9rie d&rsquo;exercices \u00e0 partir d&rsquo;un syst\u00e8me d&rsquo;anneaux et de ressorts accroch\u00e9s \u00e0 la structure des lits qui contribua activement et de fa\u00e7on reconnue \u00e0 leur r\u00e9\u00e9ducation.<br \/>C&rsquo;est de l\u00e0 que sont issus l&rsquo;Universal Reformer et le Cadillac (machines horizontales). Il sera constat\u00e9 que les bless\u00e9s b\u00e9n\u00e9ficiant de ses soins se r\u00e9tabliront plus vite que les autres.<br \/>Apr\u00e8s la guerre, Joseph Pilates retourne \u00e0 Hambourg en Allemagne o\u00f9 il d\u00e9finit plus pr\u00e9cis\u00e9ment sa m\u00e9thode et son \u00e9quipement.<br \/>Il s&rsquo;inspire de deux courants :<br \/>\u00a0\u00a0&#8211; la m\u00e9thode Orientale, fond\u00e9e sur le Yoga, o\u00f9 la respiration, le contr\u00f4le et la souplesse du corps sont les principaux supports,<br \/>\u00a0\u00a0&#8211; la m\u00e9thode Occidentale, construite sur le d\u00e9veloppement de la force et de l&rsquo;endurance.<br \/>Il \u00e9migre aux Etats-Unis \u00e0 la fin des ann\u00e9es 20. C&rsquo;est durant le voyage en bateau qu&rsquo;il rencontra sa femme Clara.<br \/>A son arriv\u00e9e \u00e0 New-York, il ouvre un studio, perfectionne encore sa m\u00e9thode et devient tr\u00e8s vite connu dans le milieu de la danse, mais aussi parmi les athl\u00e8tes et les acteurs.<br \/>Parmi ses premiers clients se trouvent Georges Balanchine et le New York City Ballet. Martha Graham, la doyenne am\u00e9ricaine de la danse moderne du XX\u00e8me si\u00e8cle, \u00e9tudie \u00e9galement avec Joseph Pilates, d\u00e9veloppant la technique Graham \u00e0 partir de ses mouvements.<br \/>A partir des ann\u00e9es 60, la m\u00e9thode Pilates s&rsquo;ouvre au grand public. Des \u00e9l\u00e8ves de Joseph Pilates ouvrent des studios sur la c\u00f4te ouest des Etats-Unis et font travailler les stars d&rsquo;Hollywood.<br \/>Joseph Pilates est mort en 1967 et sa femme Clara a dirig\u00e9 le studio jusqu&rsquo;\u00e0 sa mort en 1977.<br \/>C&rsquo;est sur les conseils de Georges Balanchine que\u00a0<b>Romana Kryzanowska<\/b>, danseuse de l&rsquo;American Ballet School de New York devient l&rsquo;\u00e9l\u00e8ve de Joseph Pilates. Tr\u00e8s proche de lui et d\u00e9vou\u00e9e \u00e0 sa m\u00e9thode, elle se verra confier la mission de poursuivre les bases traditionnelles h\u00e9rit\u00e9e de sa m\u00e9thode.<br \/>Le Pilates est adopt\u00e9 aujourd&rsquo;hui par les publics les plus divers et de nombreux m\u00e9decins anglo-saxons recommandent ce travail comme outil de m\u00e9decine pr\u00e9ventive.<\/p>\t\t\t\t\t<\/div>\n\t\t\t\t\t\t<\/div>\n\t\t\t\t<\/div>\n\t\t\t\t\t\t<\/div>\n\t\t\t\t\t<\/div>\n\t\t<\/div>\n\t\t\t\t\t\t\t\t<\/div>\n\t\t\t\t\t<\/div>\n\t\t<\/section>\n\t\t\t\t\t\t\t\t\t<\/div>\n\t\t\t<\/div>\n\t\t\t\t\t<\/div>\n\t\t","protected":false},"excerpt":{"rendered":"<p>Historique Joseph Pilates\u00a0est n\u00e9 en 1880 \u00e0 D\u00fcsseldorf. C&rsquo;\u00e9tait un enfant malingre qui souffrait d&rsquo;asthme et de fi\u00e8vre rhumatismale. Tr\u00e8s jeune, il commen\u00e7a \u00e0 \u00e9tudier l&rsquo;anatomie et \u00e0 pratiquer diff\u00e9rentes sortes d&rsquo;exercices pour am\u00e9liorer sa sant\u00e9 et sa condition physique. A l&rsquo;\u00e2ge de 17 ans, il avait d\u00e9j\u00e0 chang\u00e9 son corps, \u00e9tait un athl\u00e8te accompli [&hellip;]<\/p>\n","protected":false},"author":1,"featured_media":0,"parent":0,"menu_order":0,"comment_status":"closed","ping_status":"closed","template":"","meta":{"_monsterinsights_skip_tracking":false,"_monsterinsights_sitenote_active":false,"_monsterinsights_sitenote_note":"","_monsterinsights_sitenote_category":0,"spay_email":""},"yoast_head":"<!-- This site is optimized with the Yoast SEO plugin v18.6 - https:\/\/yoast.com\/wordpress\/plugins\/seo\/ -->\n<title>Historique - Studio Pilates de Niort<\/title>\n<meta name=\"robots\" content=\"index, follow, max-snippet:-1, max-image-preview:large, max-video-preview:-1\" \/>\n<link rel=\"canonical\" href=\"https:\/\/studiopilates-niort.com\/?page_id=91\" \/>\n<meta property=\"og:locale\" content=\"fr_FR\" \/>\n<meta property=\"og:type\" content=\"article\" \/>\n<meta property=\"og:title\" content=\"Historique - Studio Pilates de Niort\" \/>\n<meta property=\"og:description\" content=\"Historique Joseph Pilates\u00a0est n\u00e9 en 1880 \u00e0 D\u00fcsseldorf. C&rsquo;\u00e9tait un enfant malingre qui souffrait d&rsquo;asthme et de fi\u00e8vre rhumatismale. Tr\u00e8s jeune, il commen\u00e7a \u00e0 \u00e9tudier l&rsquo;anatomie et \u00e0 pratiquer diff\u00e9rentes sortes d&rsquo;exercices pour am\u00e9liorer sa sant\u00e9 et sa condition physique. A l&rsquo;\u00e2ge de 17 ans, il avait d\u00e9j\u00e0 chang\u00e9 son corps, \u00e9tait un athl\u00e8te accompli [&hellip;]\" \/>\n<meta property=\"og:url\" content=\"https:\/\/studiopilates-niort.com\/?page_id=91\" \/>\n<meta property=\"og:site_name\" content=\"Studio Pilates de Niort\" \/>\n<meta property=\"article:modified_time\" content=\"2022-04-25T17:50:43+00:00\" \/>\n<meta property=\"og:image\" content=\"https:\/\/studiopilates-niort.com\/wp-content\/uploads\/2022\/04\/Joseph-Pilates-1.jpeg\" \/>\n<meta name=\"twitter:card\" content=\"summary_large_image\" \/>\n<meta name=\"twitter:label1\" content=\"Dur\u00e9e de lecture estim\u00e9e\" \/>\n\t<meta name=\"twitter:data1\" content=\"3 minutes\" \/>\n<script type=\"application\/ld+json\" class=\"yoast-schema-graph\">{\"@context\":\"https:\/\/schema.org\",\"@graph\":[{\"@type\":\"WebSite\",\"@id\":\"https:\/\/studiopilates-niort.com\/#website\",\"url\":\"https:\/\/studiopilates-niort.com\/\",\"name\":\"Studio Pilates de Niort\",\"description\":\"Cours de Pilates particuliers sur machines (reformer, cadillac, barrel, wunda chair) et semi collectifs au sol ; \u00e9cole Romana&#039;s Pilates\",\"potentialAction\":[{\"@type\":\"SearchAction\",\"target\":{\"@type\":\"EntryPoint\",\"urlTemplate\":\"https:\/\/studiopilates-niort.com\/?s={search_term_string}\"},\"query-input\":\"required name=search_term_string\"}],\"inLanguage\":\"fr-FR\"},{\"@type\":\"ImageObject\",\"@id\":\"https:\/\/studiopilates-niort.com\/?page_id=91#primaryimage\",\"inLanguage\":\"fr-FR\",\"url\":\"https:\/\/studiopilates-niort.com\/wp-content\/uploads\/2022\/04\/Joseph-Pilates-1.jpeg\",\"contentUrl\":\"https:\/\/studiopilates-niort.com\/wp-content\/uploads\/2022\/04\/Joseph-Pilates-1.jpeg\",\"width\":201,\"height\":251},{\"@type\":\"WebPage\",\"@id\":\"https:\/\/studiopilates-niort.com\/?page_id=91#webpage\",\"url\":\"https:\/\/studiopilates-niort.com\/?page_id=91\",\"name\":\"Historique - Studio Pilates de Niort\",\"isPartOf\":{\"@id\":\"https:\/\/studiopilates-niort.com\/#website\"},\"primaryImageOfPage\":{\"@id\":\"https:\/\/studiopilates-niort.com\/?page_id=91#primaryimage\"},\"datePublished\":\"2022-04-14T10:47:42+00:00\",\"dateModified\":\"2022-04-25T17:50:43+00:00\",\"breadcrumb\":{\"@id\":\"https:\/\/studiopilates-niort.com\/?page_id=91#breadcrumb\"},\"inLanguage\":\"fr-FR\",\"potentialAction\":[{\"@type\":\"ReadAction\",\"target\":[\"https:\/\/studiopilates-niort.com\/?page_id=91\"]}]},{\"@type\":\"BreadcrumbList\",\"@id\":\"https:\/\/studiopilates-niort.com\/?page_id=91#breadcrumb\",\"itemListElement\":[{\"@type\":\"ListItem\",\"position\":1,\"name\":\"Accueil\",\"item\":\"https:\/\/studiopilates-niort.com\/\"},{\"@type\":\"ListItem\",\"position\":2,\"name\":\"Historique\"}]}]}<\/script>\n<!-- \/ Yoast SEO plugin. -->","yoast_head_json":{"title":"Historique - Studio Pilates de Niort","robots":{"index":"index","follow":"follow","max-snippet":"max-snippet:-1","max-image-preview":"max-image-preview:large","max-video-preview":"max-video-preview:-1"},"canonical":"https:\/\/studiopilates-niort.com\/?page_id=91","og_locale":"fr_FR","og_type":"article","og_title":"Historique - Studio Pilates de Niort","og_description":"Historique Joseph Pilates\u00a0est n\u00e9 en 1880 \u00e0 D\u00fcsseldorf. C&rsquo;\u00e9tait un enfant malingre qui souffrait d&rsquo;asthme et de fi\u00e8vre rhumatismale. Tr\u00e8s jeune, il commen\u00e7a \u00e0 \u00e9tudier l&rsquo;anatomie et \u00e0 pratiquer diff\u00e9rentes sortes d&rsquo;exercices pour am\u00e9liorer sa sant\u00e9 et sa condition physique. A l&rsquo;\u00e2ge de 17 ans, il avait d\u00e9j\u00e0 chang\u00e9 son corps, \u00e9tait un athl\u00e8te accompli [&hellip;]","og_url":"https:\/\/studiopilates-niort.com\/?page_id=91","og_site_name":"Studio Pilates de Niort","article_modified_time":"2022-04-25T17:50:43+00:00","og_image":[{"url":"https:\/\/studiopilates-niort.com\/wp-content\/uploads\/2022\/04\/Joseph-Pilates-1.jpeg"}],"twitter_card":"summary_large_image","twitter_misc":{"Dur\u00e9e de lecture estim\u00e9e":"3 minutes"},"schema":{"@context":"https:\/\/schema.org","@graph":[{"@type":"WebSite","@id":"https:\/\/studiopilates-niort.com\/#website","url":"https:\/\/studiopilates-niort.com\/","name":"Studio Pilates de Niort","description":"Cours de Pilates particuliers sur machines (reformer, cadillac, barrel, wunda chair) et semi collectifs au sol ; \u00e9cole Romana&#039;s Pilates","potentialAction":[{"@type":"SearchAction","target":{"@type":"EntryPoint","urlTemplate":"https:\/\/studiopilates-niort.com\/?s={search_term_string}"},"query-input":"required name=search_term_string"}],"inLanguage":"fr-FR"},{"@type":"ImageObject","@id":"https:\/\/studiopilates-niort.com\/?page_id=91#primaryimage","inLanguage":"fr-FR","url":"https:\/\/studiopilates-niort.com\/wp-content\/uploads\/2022\/04\/Joseph-Pilates-1.jpeg","contentUrl":"https:\/\/studiopilates-niort.com\/wp-content\/uploads\/2022\/04\/Joseph-Pilates-1.jpeg","width":201,"height":251},{"@type":"WebPage","@id":"https:\/\/studiopilates-niort.com\/?page_id=91#webpage","url":"https:\/\/studiopilates-niort.com\/?page_id=91","name":"Historique - Studio Pilates de Niort","isPartOf":{"@id":"https:\/\/studiopilates-niort.com\/#website"},"primaryImageOfPage":{"@id":"https:\/\/studiopilates-niort.com\/?page_id=91#primaryimage"},"datePublished":"2022-04-14T10:47:42+00:00","dateModified":"2022-04-25T17:50:43+00:00","breadcrumb":{"@id":"https:\/\/studiopilates-niort.com\/?page_id=91#breadcrumb"},"inLanguage":"fr-FR","potentialAction":[{"@type":"ReadAction","target":["https:\/\/studiopilates-niort.com\/?page_id=91"]}]},{"@type":"BreadcrumbList","@id":"https:\/\/studiopilates-niort.com\/?page_id=91#breadcrumb","itemListElement":[{"@type":"ListItem","position":1,"name":"Accueil","item":"https:\/\/studiopilates-niort.com\/"},{"@type":"ListItem","position":2,"name":"Historique"}]}]}},"_links":{"self":[{"href":"https:\/\/studiopilates-niort.com\/index.php?rest_route=\/wp\/v2\/pages\/91"}],"collection":[{"href":"https:\/\/studiopilates-niort.com\/index.php?rest_route=\/wp\/v2\/pages"}],"about":[{"href":"https:\/\/studiopilates-niort.com\/index.php?rest_route=\/wp\/v2\/types\/page"}],"author":[{"embeddable":true,"href":"https:\/\/studiopilates-niort.com\/index.php?rest_route=\/wp\/v2\/users\/1"}],"replies":[{"embeddable":true,"href":"https:\/\/studiopilates-niort.com\/index.php?rest_route=%2Fwp%2Fv2%2Fcomments&post=91"}],"version-history":[{"count":29,"href":"https:\/\/studiopilates-niort.com\/index.php?rest_route=\/wp\/v2\/pages\/91\/revisions"}],"predecessor-version":[{"id":341,"href":"https:\/\/studiopilates-niort.com\/index.php?rest_route=\/wp\/v2\/pages\/91\/revisions\/341"}],"wp:attachment":[{"href":"https:\/\/studiopilates-niort.com\/index.php?rest_route=%2Fwp%2Fv2%2Fmedia&parent=91"}],"curies":[{"name":"wp","href":"https:\/\/api.w.org\/{rel}","templated":true}]}}