{"id":117,"date":"2022-04-14T14:01:29","date_gmt":"2022-04-14T12:01:29","guid":{"rendered":"https:\/\/studiopilates-niort.com\/?page_id=117"},"modified":"2023-05-30T13:48:33","modified_gmt":"2023-05-30T11:48:33","slug":"deroulement-des-cours","status":"publish","type":"page","link":"https:\/\/studiopilates-niort.com\/?page_id=117","title":{"rendered":"D\u00e9roulement\u00a0des cours"},"content":{"rendered":"\t\t<div data-elementor-type=\"wp-page\" data-elementor-id=\"117\" class=\"elementor elementor-117\">\n\t\t\t\t\t\t<div class=\"elementor-inner\">\n\t\t\t\t<div class=\"elementor-section-wrap\">\n\t\t\t\t\t\t\t\t\t<section class=\"elementor-section elementor-top-section elementor-element elementor-element-ec44322 elementor-section-boxed elementor-section-height-default elementor-section-height-default\" data-id=\"ec44322\" data-element_type=\"section\">\n\t\t\t\t\t\t<div class=\"elementor-container elementor-column-gap-default\">\n\t\t\t\t\t\t\t<div class=\"elementor-row\">\n\t\t\t\t\t<div class=\"elementor-column elementor-col-100 elementor-top-column elementor-element elementor-element-77bed6c\" data-id=\"77bed6c\" data-element_type=\"column\">\n\t\t\t<div class=\"elementor-column-wrap elementor-element-populated\">\n\t\t\t\t\t\t\t<div class=\"elementor-widget-wrap\">\n\t\t\t\t\t\t<div class=\"elementor-element elementor-element-d1cae29 elementor-widget elementor-widget-heading\" data-id=\"d1cae29\" data-element_type=\"widget\" data-widget_type=\"heading.default\">\n\t\t\t\t<div class=\"elementor-widget-container\">\n\t\t\t<h2 class=\"elementor-heading-title elementor-size-default\">D\u00e9roulement des cours<br><\/h2>\t\t<\/div>\n\t\t\t\t<\/div>\n\t\t\t\t\t\t<\/div>\n\t\t\t\t\t<\/div>\n\t\t<\/div>\n\t\t\t\t\t\t\t\t<\/div>\n\t\t\t\t\t<\/div>\n\t\t<\/section>\n\t\t\t\t<section class=\"elementor-section elementor-top-section elementor-element elementor-element-e0e1aa4 elementor-section-boxed elementor-section-height-default elementor-section-height-default\" data-id=\"e0e1aa4\" data-element_type=\"section\">\n\t\t\t\t\t\t<div class=\"elementor-container elementor-column-gap-default\">\n\t\t\t\t\t\t\t<div class=\"elementor-row\">\n\t\t\t\t\t<div class=\"elementor-column elementor-col-100 elementor-top-column elementor-element elementor-element-80b9ff6\" data-id=\"80b9ff6\" data-element_type=\"column\">\n\t\t\t<div class=\"elementor-column-wrap elementor-element-populated\">\n\t\t\t\t\t\t\t<div class=\"elementor-widget-wrap\">\n\t\t\t\t\t\t<div class=\"elementor-element elementor-element-96e9ff9 elementor-widget elementor-widget-text-editor\" data-id=\"96e9ff9\" data-element_type=\"widget\" data-widget_type=\"text-editor.default\">\n\t\t\t\t<div class=\"elementor-widget-container\">\n\t\t\t\t\t\t\t\t<div class=\"elementor-text-editor elementor-clearfix\">\n\t\t\t\t<p style=\"font-variant-ligatures: normal; font-variant-caps: normal; font-family: Roboto, sans-serif; font-size: 14px; font-style: normal; font-weight: 400;\"><span style=\"font-family: Roboto, sans-serif; font-size: 14px; font-style: normal; font-variant-ligatures: normal; font-variant-caps: normal; font-weight: 600; color: var( --e-global-color-text );\">Cours p<\/span><span style=\"font-size: 14px; font-weight: 600; color: var( --e-global-color-text );\">riv\u00e9s:&nbsp;<\/span><\/p>\n<p style=\"font-variant-ligatures: normal; font-variant-caps: normal; font-family: Roboto, sans-serif; font-size: 14px; font-style: normal; font-weight: 400;\"><span style=\"color: var( --e-global-color-text ); font-family: Roboto, sans-serif; font-size: 14px; font-style: normal; font-variant-ligatures: normal; font-variant-caps: normal; font-weight: 400;\">Il s\u2019agit de sessions individuelles o\u00f9 le professeur s\u2019occupe exclusivement de vous et vous enseigne les exercices Pilates sur machines en tenant compte de votre capacit\u00e9 physique et de vos besoins. Les cours durent 55 minutes et sont sur rendez-vous.<\/span><\/p>\n<p style=\"font-variant-ligatures: normal; font-variant-caps: normal; font-family: Roboto, sans-serif; font-size: 14px; font-style: normal; font-weight: 400;\"><span style=\"font-size: 14px; font-weight: 600; color: var( --e-global-color-text );\">Cours semi-collectifs:&nbsp;<\/span><\/p>\n<p style=\"font-variant-ligatures: normal; font-variant-caps: normal; font-family: Roboto, sans-serif; font-size: 14px; font-style: normal; font-weight: 400;\"><span style=\"font-family: Roboto, sans-serif; font-size: 14px; font-style: normal; font-variant-ligatures: normal; font-variant-caps: normal; font-weight: 400; color: var( --e-global-color-text );\">Les cours semi-collectifs se d\u00e9roulent en petit nombre (6 personnes en moyenne) sur tapis et doivent \u00e9galement \u00eatre r\u00e9serv\u00e9s \u00e0 l\u2019avance. <\/span><span style=\"font-family: Roboto, sans-serif; font-size: 14px; font-style: normal; font-variant-ligatures: normal; font-variant-caps: normal; font-weight: 400; color: var( --e-global-color-text );\">Ces cours durent 55 min et sont planifi\u00e9s de fa\u00e7on fixe dans la semaine.<\/span><\/p>\n<p style=\"font-variant-ligatures: normal; font-variant-caps: normal; font-family: Roboto, sans-serif; font-size: 14px; font-style: normal; font-weight: 400;\"><span style=\"font-size: 14px; font-weight: 600;\">Pour toute inscription un certificat m\u00e9dical est exig\u00e9.<\/span><\/p>\n<p style=\"font-variant-ligatures: normal; font-variant-caps: normal; font-family: Roboto, sans-serif; font-size: 14px; font-style: normal; font-weight: 400;\"><span style=\"font-size: 14px; font-weight: 600;\">Tenue:<\/span>&nbsp;La tenue \u00e0 adopter est tr\u00e8s simple : des v\u00eatements confortables et si possible pr\u00e8s du corps de type jogging ou autre pantalon de sport, tee-shirt, et chaussettes en coton pour le cours (pas de chaussures). Pr\u00e9voir \u00e9galement une serviette en \u00e9ponge.<\/p>\t\t\t\t\t<\/div>\n\t\t\t\t\t\t<\/div>\n\t\t\t\t<\/div>\n\t\t\t\t\t\t<\/div>\n\t\t\t\t\t<\/div>\n\t\t<\/div>\n\t\t\t\t\t\t\t\t<\/div>\n\t\t\t\t\t<\/div>\n\t\t<\/section>\n\t\t\t\t<section class=\"elementor-section elementor-top-section elementor-element elementor-element-6a56981 elementor-section-boxed elementor-section-height-default elementor-section-height-default\" data-id=\"6a56981\" data-element_type=\"section\">\n\t\t\t\t\t\t<div class=\"elementor-container elementor-column-gap-default\">\n\t\t\t\t\t\t\t<div class=\"elementor-row\">\n\t\t\t\t\t<div class=\"elementor-column elementor-col-33 elementor-top-column elementor-element elementor-element-65308f3\" data-id=\"65308f3\" data-element_type=\"column\">\n\t\t\t<div class=\"elementor-column-wrap elementor-element-populated\">\n\t\t\t\t\t\t\t<div class=\"elementor-widget-wrap\">\n\t\t\t\t\t\t<div class=\"elementor-element elementor-element-e957a6c elementor-widget elementor-widget-image\" data-id=\"e957a6c\" data-element_type=\"widget\" data-widget_type=\"image.default\">\n\t\t\t\t<div class=\"elementor-widget-container\">\n\t\t\t\t\t\t\t\t<div class=\"elementor-image\">\n\t\t\t\t\t\t\t\t\t\t\t\t<img width=\"225\" height=\"300\" src=\"https:\/\/studiopilates-niort.com\/wp-content\/uploads\/2022\/04\/P1040816-225x300.jpg\" class=\"attachment-medium size-medium\" alt=\"\" loading=\"lazy\" srcset=\"https:\/\/studiopilates-niort.com\/wp-content\/uploads\/2022\/04\/P1040816-225x300.jpg 225w, https:\/\/studiopilates-niort.com\/wp-content\/uploads\/2022\/04\/P1040816-768x1024.jpg 768w, https:\/\/studiopilates-niort.com\/wp-content\/uploads\/2022\/04\/P1040816-1152x1536.jpg 1152w, https:\/\/studiopilates-niort.com\/wp-content\/uploads\/2022\/04\/P1040816-1536x2048.jpg 1536w, https:\/\/studiopilates-niort.com\/wp-content\/uploads\/2022\/04\/P1040816-scaled.jpg 1920w\" sizes=\"(max-width: 225px) 100vw, 225px\" \/>\t\t\t\t\t\t\t\t\t\t\t\t\t\t<\/div>\n\t\t\t\t\t\t<\/div>\n\t\t\t\t<\/div>\n\t\t\t\t\t\t<\/div>\n\t\t\t\t\t<\/div>\n\t\t<\/div>\n\t\t\t\t<div class=\"elementor-column elementor-col-33 elementor-top-column elementor-element elementor-element-1c35b22\" data-id=\"1c35b22\" data-element_type=\"column\">\n\t\t\t<div class=\"elementor-column-wrap elementor-element-populated\">\n\t\t\t\t\t\t\t<div class=\"elementor-widget-wrap\">\n\t\t\t\t\t\t<div class=\"elementor-element elementor-element-1002c16 elementor-widget elementor-widget-image\" data-id=\"1002c16\" data-element_type=\"widget\" data-widget_type=\"image.default\">\n\t\t\t\t<div class=\"elementor-widget-container\">\n\t\t\t\t\t\t\t\t<div class=\"elementor-image\">\n\t\t\t\t\t\t\t\t\t\t\t\t<img width=\"1024\" height=\"768\" src=\"https:\/\/studiopilates-niort.com\/wp-content\/uploads\/2022\/04\/P1040742-1-1024x768.jpg\" class=\"attachment-large size-large\" alt=\"\" loading=\"lazy\" srcset=\"https:\/\/studiopilates-niort.com\/wp-content\/uploads\/2022\/04\/P1040742-1-1024x768.jpg 1024w, https:\/\/studiopilates-niort.com\/wp-content\/uploads\/2022\/04\/P1040742-1-300x225.jpg 300w, https:\/\/studiopilates-niort.com\/wp-content\/uploads\/2022\/04\/P1040742-1-768x576.jpg 768w, https:\/\/studiopilates-niort.com\/wp-content\/uploads\/2022\/04\/P1040742-1-1536x1152.jpg 1536w, https:\/\/studiopilates-niort.com\/wp-content\/uploads\/2022\/04\/P1040742-1-2048x1536.jpg 2048w\" sizes=\"(max-width: 1024px) 100vw, 1024px\" \/>\t\t\t\t\t\t\t\t\t\t\t\t\t\t<\/div>\n\t\t\t\t\t\t<\/div>\n\t\t\t\t<\/div>\n\t\t\t\t\t\t<\/div>\n\t\t\t\t\t<\/div>\n\t\t<\/div>\n\t\t\t\t<div class=\"elementor-column elementor-col-33 elementor-top-column elementor-element elementor-element-bbcee78\" data-id=\"bbcee78\" data-element_type=\"column\">\n\t\t\t<div class=\"elementor-column-wrap elementor-element-populated\">\n\t\t\t\t\t\t\t<div class=\"elementor-widget-wrap\">\n\t\t\t\t\t\t<div class=\"elementor-element elementor-element-5cd4e7d elementor-widget elementor-widget-image\" data-id=\"5cd4e7d\" data-element_type=\"widget\" data-widget_type=\"image.default\">\n\t\t\t\t<div class=\"elementor-widget-container\">\n\t\t\t\t\t\t\t\t<div class=\"elementor-image\">\n\t\t\t\t\t\t\t\t\t\t\t\t<img width=\"225\" height=\"300\" src=\"https:\/\/studiopilates-niort.com\/wp-content\/uploads\/2022\/04\/P1040865-225x300.jpg\" class=\"attachment-medium size-medium\" alt=\"\" loading=\"lazy\" srcset=\"https:\/\/studiopilates-niort.com\/wp-content\/uploads\/2022\/04\/P1040865-225x300.jpg 225w, https:\/\/studiopilates-niort.com\/wp-content\/uploads\/2022\/04\/P1040865-768x1023.jpg 768w, https:\/\/studiopilates-niort.com\/wp-content\/uploads\/2022\/04\/P1040865-1153x1536.jpg 1153w, https:\/\/studiopilates-niort.com\/wp-content\/uploads\/2022\/04\/P1040865-1537x2048.jpg 1537w, https:\/\/studiopilates-niort.com\/wp-content\/uploads\/2022\/04\/P1040865-scaled.jpg 1921w\" sizes=\"(max-width: 225px) 100vw, 225px\" \/>\t\t\t\t\t\t\t\t\t\t\t\t\t\t<\/div>\n\t\t\t\t\t\t<\/div>\n\t\t\t\t<\/div>\n\t\t\t\t\t\t<\/div>\n\t\t\t\t\t<\/div>\n\t\t<\/div>\n\t\t\t\t\t\t\t\t<\/div>\n\t\t\t\t\t<\/div>\n\t\t<\/section>\n\t\t\t\t<section class=\"elementor-section elementor-top-section elementor-element elementor-element-443f135e elementor-section-boxed elementor-section-height-default elementor-section-height-default\" data-id=\"443f135e\" data-element_type=\"section\">\n\t\t\t\t\t\t<div class=\"elementor-container elementor-column-gap-default\">\n\t\t\t\t\t\t\t<div class=\"elementor-row\">\n\t\t\t\t\t<div class=\"elementor-column elementor-col-100 elementor-top-column elementor-element elementor-element-70de6269\" data-id=\"70de6269\" data-element_type=\"column\">\n\t\t\t<div class=\"elementor-column-wrap elementor-element-populated\">\n\t\t\t\t\t\t\t<div class=\"elementor-widget-wrap\">\n\t\t\t\t\t\t<div class=\"elementor-element elementor-element-4a867183 elementor-widget elementor-widget-text-editor\" data-id=\"4a867183\" data-element_type=\"widget\" data-widget_type=\"text-editor.default\">\n\t\t\t\t<div class=\"elementor-widget-container\">\n\t\t\t\t\t\t\t\t<div class=\"elementor-text-editor elementor-clearfix\">\n\t\t\t\t\t\t\t\t\t<\/div>\n\t\t\t\t\t\t<\/div>\n\t\t\t\t<\/div>\n\t\t\t\t\t\t<\/div>\n\t\t\t\t\t<\/div>\n\t\t<\/div>\n\t\t\t\t\t\t\t\t<\/div>\n\t\t\t\t\t<\/div>\n\t\t<\/section>\n\t\t\t\t\t\t\t\t\t<\/div>\n\t\t\t<\/div>\n\t\t\t\t\t<\/div>\n\t\t","protected":false},"excerpt":{"rendered":"<p>D\u00e9roulement des cours Cours priv\u00e9s:&nbsp; Il s\u2019agit de sessions individuelles o\u00f9 le professeur s\u2019occupe exclusivement de vous et vous enseigne les exercices Pilates sur machines en tenant compte de votre capacit\u00e9 physique et de vos besoins. Les cours durent 55 minutes et sont sur rendez-vous. Cours semi-collectifs:&nbsp; Les cours semi-collectifs se d\u00e9roulent en petit nombre [&hellip;]<\/p>\n","protected":false},"author":1,"featured_media":0,"parent":0,"menu_order":0,"comment_status":"closed","ping_status":"closed","template":"","meta":{"_monsterinsights_skip_tracking":false,"_monsterinsights_sitenote_active":false,"_monsterinsights_sitenote_note":"","_monsterinsights_sitenote_category":0,"spay_email":""},"yoast_head":"<!-- This site is optimized with the Yoast SEO plugin v18.6 - https:\/\/yoast.com\/wordpress\/plugins\/seo\/ -->\n<title>D\u00e9roulement\u00a0des cours - Studio Pilates de Niort<\/title>\n<meta name=\"robots\" content=\"index, follow, max-snippet:-1, max-image-preview:large, max-video-preview:-1\" \/>\n<link rel=\"canonical\" href=\"https:\/\/studiopilates-niort.com\/?page_id=117\" \/>\n<meta property=\"og:locale\" content=\"fr_FR\" \/>\n<meta property=\"og:type\" content=\"article\" \/>\n<meta property=\"og:title\" content=\"D\u00e9roulement\u00a0des cours - Studio Pilates de Niort\" \/>\n<meta property=\"og:description\" content=\"D\u00e9roulement des cours Cours priv\u00e9s:&nbsp; Il s\u2019agit de sessions individuelles o\u00f9 le professeur s\u2019occupe exclusivement de vous et vous enseigne les exercices Pilates sur machines en tenant compte de votre capacit\u00e9 physique et de vos besoins. Les cours durent 55 minutes et sont sur rendez-vous. Cours semi-collectifs:&nbsp; Les cours semi-collectifs se d\u00e9roulent en petit nombre [&hellip;]\" \/>\n<meta property=\"og:url\" content=\"https:\/\/studiopilates-niort.com\/?page_id=117\" \/>\n<meta property=\"og:site_name\" content=\"Studio Pilates de Niort\" \/>\n<meta property=\"article:modified_time\" content=\"2023-05-30T11:48:33+00:00\" \/>\n<meta property=\"og:image\" content=\"https:\/\/studiopilates-niort.com\/wp-content\/uploads\/2022\/04\/P1040816-225x300.jpg\" \/>\n<meta name=\"twitter:card\" content=\"summary_large_image\" \/>\n<meta name=\"twitter:label1\" content=\"Dur\u00e9e de lecture estim\u00e9e\" \/>\n\t<meta name=\"twitter:data1\" content=\"2 minutes\" \/>\n<script type=\"application\/ld+json\" class=\"yoast-schema-graph\">{\"@context\":\"https:\/\/schema.org\",\"@graph\":[{\"@type\":\"WebSite\",\"@id\":\"https:\/\/studiopilates-niort.com\/#website\",\"url\":\"https:\/\/studiopilates-niort.com\/\",\"name\":\"Studio Pilates de Niort\",\"description\":\"Cours de Pilates particuliers sur machines (reformer, cadillac, barrel, wunda chair) et semi collectifs au sol ; \u00e9cole Romana&#039;s Pilates\",\"potentialAction\":[{\"@type\":\"SearchAction\",\"target\":{\"@type\":\"EntryPoint\",\"urlTemplate\":\"https:\/\/studiopilates-niort.com\/?s={search_term_string}\"},\"query-input\":\"required name=search_term_string\"}],\"inLanguage\":\"fr-FR\"},{\"@type\":\"ImageObject\",\"@id\":\"https:\/\/studiopilates-niort.com\/?page_id=117#primaryimage\",\"inLanguage\":\"fr-FR\",\"url\":\"https:\/\/studiopilates-niort.com\/wp-content\/uploads\/2022\/04\/P1040816-scaled.jpg\",\"contentUrl\":\"https:\/\/studiopilates-niort.com\/wp-content\/uploads\/2022\/04\/P1040816-scaled.jpg\",\"width\":1920,\"height\":2560},{\"@type\":\"WebPage\",\"@id\":\"https:\/\/studiopilates-niort.com\/?page_id=117#webpage\",\"url\":\"https:\/\/studiopilates-niort.com\/?page_id=117\",\"name\":\"D\u00e9roulement\u00a0des cours - Studio Pilates de Niort\",\"isPartOf\":{\"@id\":\"https:\/\/studiopilates-niort.com\/#website\"},\"primaryImageOfPage\":{\"@id\":\"https:\/\/studiopilates-niort.com\/?page_id=117#primaryimage\"},\"datePublished\":\"2022-04-14T12:01:29+00:00\",\"dateModified\":\"2023-05-30T11:48:33+00:00\",\"breadcrumb\":{\"@id\":\"https:\/\/studiopilates-niort.com\/?page_id=117#breadcrumb\"},\"inLanguage\":\"fr-FR\",\"potentialAction\":[{\"@type\":\"ReadAction\",\"target\":[\"https:\/\/studiopilates-niort.com\/?page_id=117\"]}]},{\"@type\":\"BreadcrumbList\",\"@id\":\"https:\/\/studiopilates-niort.com\/?page_id=117#breadcrumb\",\"itemListElement\":[{\"@type\":\"ListItem\",\"position\":1,\"name\":\"Accueil\",\"item\":\"https:\/\/studiopilates-niort.com\/\"},{\"@type\":\"ListItem\",\"position\":2,\"name\":\"D\u00e9roulement\u00a0des cours\"}]}]}<\/script>\n<!-- \/ Yoast SEO plugin. -->","yoast_head_json":{"title":"D\u00e9roulement\u00a0des cours - Studio Pilates de Niort","robots":{"index":"index","follow":"follow","max-snippet":"max-snippet:-1","max-image-preview":"max-image-preview:large","max-video-preview":"max-video-preview:-1"},"canonical":"https:\/\/studiopilates-niort.com\/?page_id=117","og_locale":"fr_FR","og_type":"article","og_title":"D\u00e9roulement\u00a0des cours - Studio Pilates de Niort","og_description":"D\u00e9roulement des cours Cours priv\u00e9s:&nbsp; Il s\u2019agit de sessions individuelles o\u00f9 le professeur s\u2019occupe exclusivement de vous et vous enseigne les exercices Pilates sur machines en tenant compte de votre capacit\u00e9 physique et de vos besoins. Les cours durent 55 minutes et sont sur rendez-vous. Cours semi-collectifs:&nbsp; Les cours semi-collectifs se d\u00e9roulent en petit nombre [&hellip;]","og_url":"https:\/\/studiopilates-niort.com\/?page_id=117","og_site_name":"Studio Pilates de Niort","article_modified_time":"2023-05-30T11:48:33+00:00","og_image":[{"url":"https:\/\/studiopilates-niort.com\/wp-content\/uploads\/2022\/04\/P1040816-225x300.jpg"}],"twitter_card":"summary_large_image","twitter_misc":{"Dur\u00e9e de lecture estim\u00e9e":"2 minutes"},"schema":{"@context":"https:\/\/schema.org","@graph":[{"@type":"WebSite","@id":"https:\/\/studiopilates-niort.com\/#website","url":"https:\/\/studiopilates-niort.com\/","name":"Studio Pilates de Niort","description":"Cours de Pilates particuliers sur machines (reformer, cadillac, barrel, wunda chair) et semi collectifs au sol ; \u00e9cole Romana&#039;s Pilates","potentialAction":[{"@type":"SearchAction","target":{"@type":"EntryPoint","urlTemplate":"https:\/\/studiopilates-niort.com\/?s={search_term_string}"},"query-input":"required name=search_term_string"}],"inLanguage":"fr-FR"},{"@type":"ImageObject","@id":"https:\/\/studiopilates-niort.com\/?page_id=117#primaryimage","inLanguage":"fr-FR","url":"https:\/\/studiopilates-niort.com\/wp-content\/uploads\/2022\/04\/P1040816-scaled.jpg","contentUrl":"https:\/\/studiopilates-niort.com\/wp-content\/uploads\/2022\/04\/P1040816-scaled.jpg","width":1920,"height":2560},{"@type":"WebPage","@id":"https:\/\/studiopilates-niort.com\/?page_id=117#webpage","url":"https:\/\/studiopilates-niort.com\/?page_id=117","name":"D\u00e9roulement\u00a0des cours - Studio Pilates de Niort","isPartOf":{"@id":"https:\/\/studiopilates-niort.com\/#website"},"primaryImageOfPage":{"@id":"https:\/\/studiopilates-niort.com\/?page_id=117#primaryimage"},"datePublished":"2022-04-14T12:01:29+00:00","dateModified":"2023-05-30T11:48:33+00:00","breadcrumb":{"@id":"https:\/\/studiopilates-niort.com\/?page_id=117#breadcrumb"},"inLanguage":"fr-FR","potentialAction":[{"@type":"ReadAction","target":["https:\/\/studiopilates-niort.com\/?page_id=117"]}]},{"@type":"BreadcrumbList","@id":"https:\/\/studiopilates-niort.com\/?page_id=117#breadcrumb","itemListElement":[{"@type":"ListItem","position":1,"name":"Accueil","item":"https:\/\/studiopilates-niort.com\/"},{"@type":"ListItem","position":2,"name":"D\u00e9roulement\u00a0des cours"}]}]}},"_links":{"self":[{"href":"https:\/\/studiopilates-niort.com\/index.php?rest_route=\/wp\/v2\/pages\/117"}],"collection":[{"href":"https:\/\/studiopilates-niort.com\/index.php?rest_route=\/wp\/v2\/pages"}],"about":[{"href":"https:\/\/studiopilates-niort.com\/index.php?rest_route=\/wp\/v2\/types\/page"}],"author":[{"embeddable":true,"href":"https:\/\/studiopilates-niort.com\/index.php?rest_route=\/wp\/v2\/users\/1"}],"replies":[{"embeddable":true,"href":"https:\/\/studiopilates-niort.com\/index.php?rest_route=%2Fwp%2Fv2%2Fcomments&post=117"}],"version-history":[{"count":25,"href":"https:\/\/studiopilates-niort.com\/index.php?rest_route=\/wp\/v2\/pages\/117\/revisions"}],"predecessor-version":[{"id":815,"href":"https:\/\/studiopilates-niort.com\/index.php?rest_route=\/wp\/v2\/pages\/117\/revisions\/815"}],"wp:attachment":[{"href":"https:\/\/studiopilates-niort.com\/index.php?rest_route=%2Fwp%2Fv2%2Fmedia&parent=117"}],"curies":[{"name":"wp","href":"https:\/\/api.w.org\/{rel}","templated":true}]}}