{"id":111,"date":"2022-04-14T13:39:33","date_gmt":"2022-04-14T11:39:33","guid":{"rendered":"https:\/\/studiopilates-niort.com\/?page_id=111"},"modified":"2022-04-26T10:16:00","modified_gmt":"2022-04-26T08:16:00","slug":"les-tarifs%ef%bf%bc","status":"publish","type":"page","link":"https:\/\/studiopilates-niort.com\/?page_id=111","title":{"rendered":"Les tarifs"},"content":{"rendered":"\t\t<div data-elementor-type=\"wp-page\" data-elementor-id=\"111\" class=\"elementor elementor-111\">\n\t\t\t\t\t\t<div class=\"elementor-inner\">\n\t\t\t\t<div class=\"elementor-section-wrap\">\n\t\t\t\t\t\t\t\t\t<section class=\"elementor-section elementor-top-section elementor-element elementor-element-899fbba elementor-section-boxed elementor-section-height-default elementor-section-height-default\" data-id=\"899fbba\" data-element_type=\"section\">\n\t\t\t\t\t\t<div class=\"elementor-container elementor-column-gap-default\">\n\t\t\t\t\t\t\t<div class=\"elementor-row\">\n\t\t\t\t\t<div class=\"elementor-column elementor-col-100 elementor-top-column elementor-element elementor-element-3125d3e\" data-id=\"3125d3e\" data-element_type=\"column\">\n\t\t\t<div class=\"elementor-column-wrap elementor-element-populated\">\n\t\t\t\t\t\t\t<div class=\"elementor-widget-wrap\">\n\t\t\t\t\t\t<div class=\"elementor-element elementor-element-6215f2c elementor-widget elementor-widget-heading\" data-id=\"6215f2c\" data-element_type=\"widget\" data-widget_type=\"heading.default\">\n\t\t\t\t<div class=\"elementor-widget-container\">\n\t\t\t<h2 class=\"elementor-heading-title elementor-size-default\">Les tarifs<\/h2>\t\t<\/div>\n\t\t\t\t<\/div>\n\t\t\t\t\t\t<\/div>\n\t\t\t\t\t<\/div>\n\t\t<\/div>\n\t\t\t\t\t\t\t\t<\/div>\n\t\t\t\t\t<\/div>\n\t\t<\/section>\n\t\t\t\t<section class=\"elementor-section elementor-top-section elementor-element elementor-element-58d79a2 elementor-hidden-mobile elementor-section-boxed elementor-section-height-default elementor-section-height-default\" data-id=\"58d79a2\" data-element_type=\"section\">\n\t\t\t\t\t\t<div class=\"elementor-container elementor-column-gap-default\">\n\t\t\t\t\t\t\t<div class=\"elementor-row\">\n\t\t\t\t\t<div class=\"elementor-column elementor-col-100 elementor-top-column elementor-element elementor-element-e0d0454\" data-id=\"e0d0454\" data-element_type=\"column\">\n\t\t\t<div class=\"elementor-column-wrap elementor-element-populated\">\n\t\t\t\t\t\t\t<div class=\"elementor-widget-wrap\">\n\t\t\t\t\t\t<div class=\"elementor-element elementor-element-07e4c26 elementor-widget elementor-widget-text-editor\" data-id=\"07e4c26\" data-element_type=\"widget\" data-widget_type=\"text-editor.default\">\n\t\t\t\t<div class=\"elementor-widget-container\">\n\t\t\t\t\t\t\t\t<div class=\"elementor-text-editor elementor-clearfix\">\n\t\t\t\t<h3><strong>Offres <\/strong><b>d\u00e9couverte : 1 cours priv\u00e9 + 1 cours semi-collectif : 65 \u20ac ou 2 cours priv\u00e9s : 110 \u20ac<\/b><\/h3>\t\t\t\t\t<\/div>\n\t\t\t\t\t\t<\/div>\n\t\t\t\t<\/div>\n\t\t\t\t<div class=\"elementor-element elementor-element-e249d98 elementor-widget elementor-widget-image\" data-id=\"e249d98\" data-element_type=\"widget\" data-widget_type=\"image.default\">\n\t\t\t\t<div class=\"elementor-widget-container\">\n\t\t\t\t\t\t\t\t<div class=\"elementor-image\">\n\t\t\t\t\t\t\t\t\t\t\t\t<img width=\"1024\" height=\"171\" src=\"https:\/\/studiopilates-niort.com\/wp-content\/uploads\/2022\/04\/Tarif-cours-Niort-mai-2022-e1650904774522-1024x171.jpg\" class=\"attachment-large size-large\" alt=\"\" loading=\"lazy\" srcset=\"https:\/\/studiopilates-niort.com\/wp-content\/uploads\/2022\/04\/Tarif-cours-Niort-mai-2022-e1650904774522-1024x171.jpg 1024w, https:\/\/studiopilates-niort.com\/wp-content\/uploads\/2022\/04\/Tarif-cours-Niort-mai-2022-e1650904774522-300x50.jpg 300w, https:\/\/studiopilates-niort.com\/wp-content\/uploads\/2022\/04\/Tarif-cours-Niort-mai-2022-e1650904774522-768x128.jpg 768w, https:\/\/studiopilates-niort.com\/wp-content\/uploads\/2022\/04\/Tarif-cours-Niort-mai-2022-e1650904774522.jpg 1091w\" sizes=\"(max-width: 1024px) 100vw, 1024px\" \/>\t\t\t\t\t\t\t\t\t\t\t\t\t\t<\/div>\n\t\t\t\t\t\t<\/div>\n\t\t\t\t<\/div>\n\t\t\t\t\t\t<\/div>\n\t\t\t\t\t<\/div>\n\t\t<\/div>\n\t\t\t\t\t\t\t\t<\/div>\n\t\t\t\t\t<\/div>\n\t\t<\/section>\n\t\t\t\t<section class=\"elementor-section elementor-top-section elementor-element elementor-element-f987991 elementor-hidden-desktop elementor-hidden-tablet elementor-section-boxed elementor-section-height-default elementor-section-height-default\" data-id=\"f987991\" data-element_type=\"section\">\n\t\t\t\t\t\t<div class=\"elementor-container elementor-column-gap-default\">\n\t\t\t\t\t\t\t<div class=\"elementor-row\">\n\t\t\t\t\t<div class=\"elementor-column elementor-col-100 elementor-top-column elementor-element elementor-element-a442096\" data-id=\"a442096\" data-element_type=\"column\">\n\t\t\t<div class=\"elementor-column-wrap elementor-element-populated\">\n\t\t\t\t\t\t\t<div class=\"elementor-widget-wrap\">\n\t\t\t\t\t\t<div class=\"elementor-element elementor-element-30e9d8d elementor-widget elementor-widget-text-editor\" data-id=\"30e9d8d\" data-element_type=\"widget\" data-widget_type=\"text-editor.default\">\n\t\t\t\t<div class=\"elementor-widget-container\">\n\t\t\t\t\t\t\t\t<div class=\"elementor-text-editor elementor-clearfix\">\n\t\t\t\t<h3><strong>Offres <\/strong><b>d\u00e9couverte : 1 cours priv\u00e9 + 1 cours semi-collectif : 65 \u20ac ou 2 cours priv\u00e9s : 110 \u20ac<\/b><\/h3>\t\t\t\t\t<\/div>\n\t\t\t\t\t\t<\/div>\n\t\t\t\t<\/div>\n\t\t\t\t<div class=\"elementor-element elementor-element-0a01953 elementor-widget elementor-widget-image\" data-id=\"0a01953\" data-element_type=\"widget\" data-widget_type=\"image.default\">\n\t\t\t\t<div class=\"elementor-widget-container\">\n\t\t\t\t\t\t\t\t<div class=\"elementor-image\">\n\t\t\t\t\t\t\t\t\t\t\t\t<img width=\"1024\" height=\"171\" src=\"https:\/\/studiopilates-niort.com\/wp-content\/uploads\/2022\/04\/Tarif-cours-Niort-mai-2022-e1650904774522-1024x171.jpg\" class=\"attachment-large size-large\" alt=\"\" loading=\"lazy\" srcset=\"https:\/\/studiopilates-niort.com\/wp-content\/uploads\/2022\/04\/Tarif-cours-Niort-mai-2022-e1650904774522-1024x171.jpg 1024w, https:\/\/studiopilates-niort.com\/wp-content\/uploads\/2022\/04\/Tarif-cours-Niort-mai-2022-e1650904774522-300x50.jpg 300w, https:\/\/studiopilates-niort.com\/wp-content\/uploads\/2022\/04\/Tarif-cours-Niort-mai-2022-e1650904774522-768x128.jpg 768w, https:\/\/studiopilates-niort.com\/wp-content\/uploads\/2022\/04\/Tarif-cours-Niort-mai-2022-e1650904774522.jpg 1091w\" sizes=\"(max-width: 1024px) 100vw, 1024px\" \/>\t\t\t\t\t\t\t\t\t\t\t\t\t\t<\/div>\n\t\t\t\t\t\t<\/div>\n\t\t\t\t<\/div>\n\t\t\t\t\t\t<\/div>\n\t\t\t\t\t<\/div>\n\t\t<\/div>\n\t\t\t\t\t\t\t\t<\/div>\n\t\t\t\t\t<\/div>\n\t\t<\/section>\n\t\t\t\t<section class=\"elementor-section elementor-top-section elementor-element elementor-element-e63e820 elementor-section-boxed elementor-section-height-default elementor-section-height-default\" data-id=\"e63e820\" data-element_type=\"section\">\n\t\t\t\t\t\t<div class=\"elementor-container elementor-column-gap-default\">\n\t\t\t\t\t\t\t<div class=\"elementor-row\">\n\t\t\t\t\t<div class=\"elementor-column elementor-col-100 elementor-top-column elementor-element elementor-element-4c126be\" data-id=\"4c126be\" data-element_type=\"column\">\n\t\t\t<div class=\"elementor-column-wrap elementor-element-populated\">\n\t\t\t\t\t\t\t<div class=\"elementor-widget-wrap\">\n\t\t\t\t\t\t<div class=\"elementor-element elementor-element-cb7edd6 elementor-widget elementor-widget-text-editor\" data-id=\"cb7edd6\" data-element_type=\"widget\" data-widget_type=\"text-editor.default\">\n\t\t\t\t<div class=\"elementor-widget-container\">\n\t\t\t\t\t\t\t\t<div class=\"elementor-text-editor elementor-clearfix\">\n\t\t\t\t<p><b>Conditions de r\u00e9servation des cours et de paiement:<\/b><br>Tous les cours doivent \u00eatre r\u00e9serv\u00e9s \u00e0 l&rsquo;avance (y compris les cours semi-collectifs) et r\u00e9gl\u00e9s avant leur d\u00e9but.<br>Les cours semi-collectifs ne sont accessibles qu&rsquo;apr\u00e8s avoir suivi un ou plusieurs cours priv\u00e9s (dans le cadre d&rsquo;une offre d\u00e9couverte par exemple).<br>L&rsquo;annulation de tout cours (priv\u00e9 ou semi-collectif) doit se faire au minimum la veille strictement avant midi, dans le cas contraire, le cours est consid\u00e9r\u00e9 comme d\u00fb et non remboursable.<br>Toute commande ou annulation de cours se fait exclusivement par t\u00e9l\u00e9phone ou sms (pas de mail), laisser un message si besoin.<br>Tout cours semi-collectif annul\u00e9 post\u00e9rieurement au d\u00e9lai pr\u00e9vu (la veille avant midi) peut \u00e0 titre exceptionnel et dans la mesure o\u00f9 des places sont disponibles, \u00eatre rattrap\u00e9 dans les 6 jours qui suivent l&rsquo;annulation, si le cours habituel de la semaine suivante est r\u00e9serv\u00e9. Il appartient \u00e0 l&rsquo;\u00e9l\u00e8ve de demander cette possibilit\u00e9 lors de l&rsquo;annulation de son cours.<br>Les forfaits sont accessibles avec l&rsquo;achat d&rsquo;une carte membre, valable de septembre \u00e0 juillet, au co\u00fbt de 20\u20ac.<br>Les forfaits sont nominatifs et non cessibles.<br>La validit\u00e9 des forfaits est d&rsquo;une dur\u00e9e de 6 mois pour les forfaits de 10 et de 20 cours et de 12 mois pour les forfaits de 40 cours \u00e0 compter de la date du premier cours du forfait, y compris les semaines de fermeture du studio dans l&rsquo;ann\u00e9e (environ 5 semaines) et jours f\u00e9ri\u00e9s mais hors mois d&rsquo;ao\u00fbt (prolongement d&rsquo;un mois de votre forfait si sa dur\u00e9e de validit\u00e9 comprend le mois d&rsquo;ao\u00fbt).<br>Les forfaits de 10 cours sont payables en 2 fois maximum et les forfaits de 20 et de 40 cours en 4 fois maximum. Les paiements sont encaiss\u00e9s chaque mois cons\u00e9cutifs au paiement (par exemple paiement en 3 fois au mois de septembre, encaissement en septembre, octobre et novembre) et non \u00e0 mesure que les cours sont pris.<br>Toute somme vers\u00e9e au Studio Pilates est due et non remboursable.<br>Les modes de paiement accept\u00e9s sont les ch\u00e8ques ou les esp\u00e8ces (pas de CB).<\/p>\t\t\t\t\t<\/div>\n\t\t\t\t\t\t<\/div>\n\t\t\t\t<\/div>\n\t\t\t\t\t\t<\/div>\n\t\t\t\t\t<\/div>\n\t\t<\/div>\n\t\t\t\t\t\t\t\t<\/div>\n\t\t\t\t\t<\/div>\n\t\t<\/section>\n\t\t\t\t\t\t\t\t\t<\/div>\n\t\t\t<\/div>\n\t\t\t\t\t<\/div>\n\t\t","protected":false},"excerpt":{"rendered":"<p>Les tarifs Offres d\u00e9couverte : 1 cours priv\u00e9 + 1 cours semi-collectif : 65 \u20ac ou 2 cours priv\u00e9s : 110 \u20ac Offres d\u00e9couverte : 1 cours priv\u00e9 + 1 cours semi-collectif : 65 \u20ac ou 2 cours priv\u00e9s : 110 \u20ac Conditions de r\u00e9servation des cours et de paiement:Tous les cours doivent \u00eatre r\u00e9serv\u00e9s [&hellip;]<\/p>\n","protected":false},"author":1,"featured_media":0,"parent":0,"menu_order":0,"comment_status":"closed","ping_status":"closed","template":"","meta":{"_monsterinsights_skip_tracking":false,"_monsterinsights_sitenote_active":false,"_monsterinsights_sitenote_note":"","_monsterinsights_sitenote_category":0,"spay_email":""},"yoast_head":"<!-- This site is optimized with the Yoast SEO plugin v18.6 - https:\/\/yoast.com\/wordpress\/plugins\/seo\/ -->\n<title>Les tarifs - Studio Pilates de Niort<\/title>\n<meta name=\"robots\" content=\"index, follow, max-snippet:-1, max-image-preview:large, max-video-preview:-1\" \/>\n<link rel=\"canonical\" href=\"https:\/\/studiopilates-niort.com\/?page_id=111\" \/>\n<meta property=\"og:locale\" content=\"fr_FR\" \/>\n<meta property=\"og:type\" content=\"article\" \/>\n<meta property=\"og:title\" content=\"Les tarifs - Studio Pilates de Niort\" \/>\n<meta property=\"og:description\" content=\"Les tarifs Offres d\u00e9couverte : 1 cours priv\u00e9 + 1 cours semi-collectif : 65 \u20ac ou 2 cours priv\u00e9s : 110 \u20ac Offres d\u00e9couverte : 1 cours priv\u00e9 + 1 cours semi-collectif : 65 \u20ac ou 2 cours priv\u00e9s : 110 \u20ac Conditions de r\u00e9servation des cours et de paiement:Tous les cours doivent \u00eatre r\u00e9serv\u00e9s [&hellip;]\" \/>\n<meta property=\"og:url\" content=\"https:\/\/studiopilates-niort.com\/?page_id=111\" \/>\n<meta property=\"og:site_name\" content=\"Studio Pilates de Niort\" \/>\n<meta property=\"article:modified_time\" content=\"2022-04-26T08:16:00+00:00\" \/>\n<meta property=\"og:image\" content=\"https:\/\/studiopilates-niort.com\/wp-content\/uploads\/2022\/04\/Tarif-cours-Niort-mai-2022-e1650904774522-1024x171.jpg\" \/>\n<meta name=\"twitter:card\" content=\"summary_large_image\" \/>\n<meta name=\"twitter:label1\" content=\"Dur\u00e9e de lecture estim\u00e9e\" \/>\n\t<meta name=\"twitter:data1\" content=\"3 minutes\" \/>\n<script type=\"application\/ld+json\" class=\"yoast-schema-graph\">{\"@context\":\"https:\/\/schema.org\",\"@graph\":[{\"@type\":\"WebSite\",\"@id\":\"https:\/\/studiopilates-niort.com\/#website\",\"url\":\"https:\/\/studiopilates-niort.com\/\",\"name\":\"Studio Pilates de Niort\",\"description\":\"Cours de Pilates particuliers sur machines (reformer, cadillac, barrel, wunda chair) et semi collectifs au sol ; \u00e9cole Romana&#039;s Pilates\",\"potentialAction\":[{\"@type\":\"SearchAction\",\"target\":{\"@type\":\"EntryPoint\",\"urlTemplate\":\"https:\/\/studiopilates-niort.com\/?s={search_term_string}\"},\"query-input\":\"required name=search_term_string\"}],\"inLanguage\":\"fr-FR\"},{\"@type\":\"ImageObject\",\"@id\":\"https:\/\/studiopilates-niort.com\/?page_id=111#primaryimage\",\"inLanguage\":\"fr-FR\",\"url\":\"https:\/\/studiopilates-niort.com\/wp-content\/uploads\/2022\/04\/Tarif-cours-Niort-mai-2022-e1650904774522.jpg\",\"contentUrl\":\"https:\/\/studiopilates-niort.com\/wp-content\/uploads\/2022\/04\/Tarif-cours-Niort-mai-2022-e1650904774522.jpg\",\"width\":1091,\"height\":182},{\"@type\":\"WebPage\",\"@id\":\"https:\/\/studiopilates-niort.com\/?page_id=111#webpage\",\"url\":\"https:\/\/studiopilates-niort.com\/?page_id=111\",\"name\":\"Les tarifs - Studio Pilates de Niort\",\"isPartOf\":{\"@id\":\"https:\/\/studiopilates-niort.com\/#website\"},\"primaryImageOfPage\":{\"@id\":\"https:\/\/studiopilates-niort.com\/?page_id=111#primaryimage\"},\"datePublished\":\"2022-04-14T11:39:33+00:00\",\"dateModified\":\"2022-04-26T08:16:00+00:00\",\"breadcrumb\":{\"@id\":\"https:\/\/studiopilates-niort.com\/?page_id=111#breadcrumb\"},\"inLanguage\":\"fr-FR\",\"potentialAction\":[{\"@type\":\"ReadAction\",\"target\":[\"https:\/\/studiopilates-niort.com\/?page_id=111\"]}]},{\"@type\":\"BreadcrumbList\",\"@id\":\"https:\/\/studiopilates-niort.com\/?page_id=111#breadcrumb\",\"itemListElement\":[{\"@type\":\"ListItem\",\"position\":1,\"name\":\"Accueil\",\"item\":\"https:\/\/studiopilates-niort.com\/\"},{\"@type\":\"ListItem\",\"position\":2,\"name\":\"Les tarifs\"}]}]}<\/script>\n<!-- \/ Yoast SEO plugin. -->","yoast_head_json":{"title":"Les tarifs - Studio Pilates de Niort","robots":{"index":"index","follow":"follow","max-snippet":"max-snippet:-1","max-image-preview":"max-image-preview:large","max-video-preview":"max-video-preview:-1"},"canonical":"https:\/\/studiopilates-niort.com\/?page_id=111","og_locale":"fr_FR","og_type":"article","og_title":"Les tarifs - Studio Pilates de Niort","og_description":"Les tarifs Offres d\u00e9couverte : 1 cours priv\u00e9 + 1 cours semi-collectif : 65 \u20ac ou 2 cours priv\u00e9s : 110 \u20ac Offres d\u00e9couverte : 1 cours priv\u00e9 + 1 cours semi-collectif : 65 \u20ac ou 2 cours priv\u00e9s : 110 \u20ac Conditions de r\u00e9servation des cours et de paiement:Tous les cours doivent \u00eatre r\u00e9serv\u00e9s [&hellip;]","og_url":"https:\/\/studiopilates-niort.com\/?page_id=111","og_site_name":"Studio Pilates de Niort","article_modified_time":"2022-04-26T08:16:00+00:00","og_image":[{"url":"https:\/\/studiopilates-niort.com\/wp-content\/uploads\/2022\/04\/Tarif-cours-Niort-mai-2022-e1650904774522-1024x171.jpg"}],"twitter_card":"summary_large_image","twitter_misc":{"Dur\u00e9e de lecture estim\u00e9e":"3 minutes"},"schema":{"@context":"https:\/\/schema.org","@graph":[{"@type":"WebSite","@id":"https:\/\/studiopilates-niort.com\/#website","url":"https:\/\/studiopilates-niort.com\/","name":"Studio Pilates de Niort","description":"Cours de Pilates particuliers sur machines (reformer, cadillac, barrel, wunda chair) et semi collectifs au sol ; \u00e9cole Romana&#039;s Pilates","potentialAction":[{"@type":"SearchAction","target":{"@type":"EntryPoint","urlTemplate":"https:\/\/studiopilates-niort.com\/?s={search_term_string}"},"query-input":"required name=search_term_string"}],"inLanguage":"fr-FR"},{"@type":"ImageObject","@id":"https:\/\/studiopilates-niort.com\/?page_id=111#primaryimage","inLanguage":"fr-FR","url":"https:\/\/studiopilates-niort.com\/wp-content\/uploads\/2022\/04\/Tarif-cours-Niort-mai-2022-e1650904774522.jpg","contentUrl":"https:\/\/studiopilates-niort.com\/wp-content\/uploads\/2022\/04\/Tarif-cours-Niort-mai-2022-e1650904774522.jpg","width":1091,"height":182},{"@type":"WebPage","@id":"https:\/\/studiopilates-niort.com\/?page_id=111#webpage","url":"https:\/\/studiopilates-niort.com\/?page_id=111","name":"Les tarifs - Studio Pilates de Niort","isPartOf":{"@id":"https:\/\/studiopilates-niort.com\/#website"},"primaryImageOfPage":{"@id":"https:\/\/studiopilates-niort.com\/?page_id=111#primaryimage"},"datePublished":"2022-04-14T11:39:33+00:00","dateModified":"2022-04-26T08:16:00+00:00","breadcrumb":{"@id":"https:\/\/studiopilates-niort.com\/?page_id=111#breadcrumb"},"inLanguage":"fr-FR","potentialAction":[{"@type":"ReadAction","target":["https:\/\/studiopilates-niort.com\/?page_id=111"]}]},{"@type":"BreadcrumbList","@id":"https:\/\/studiopilates-niort.com\/?page_id=111#breadcrumb","itemListElement":[{"@type":"ListItem","position":1,"name":"Accueil","item":"https:\/\/studiopilates-niort.com\/"},{"@type":"ListItem","position":2,"name":"Les tarifs"}]}]}},"_links":{"self":[{"href":"https:\/\/studiopilates-niort.com\/index.php?rest_route=\/wp\/v2\/pages\/111"}],"collection":[{"href":"https:\/\/studiopilates-niort.com\/index.php?rest_route=\/wp\/v2\/pages"}],"about":[{"href":"https:\/\/studiopilates-niort.com\/index.php?rest_route=\/wp\/v2\/types\/page"}],"author":[{"embeddable":true,"href":"https:\/\/studiopilates-niort.com\/index.php?rest_route=\/wp\/v2\/users\/1"}],"replies":[{"embeddable":true,"href":"https:\/\/studiopilates-niort.com\/index.php?rest_route=%2Fwp%2Fv2%2Fcomments&post=111"}],"version-history":[{"count":23,"href":"https:\/\/studiopilates-niort.com\/index.php?rest_route=\/wp\/v2\/pages\/111\/revisions"}],"predecessor-version":[{"id":708,"href":"https:\/\/studiopilates-niort.com\/index.php?rest_route=\/wp\/v2\/pages\/111\/revisions\/708"}],"wp:attachment":[{"href":"https:\/\/studiopilates-niort.com\/index.php?rest_route=%2Fwp%2Fv2%2Fmedia&parent=111"}],"curies":[{"name":"wp","href":"https:\/\/api.w.org\/{rel}","templated":true}]}}