{"id":104,"date":"2022-04-14T13:36:04","date_gmt":"2022-04-14T11:36:04","guid":{"rendered":"https:\/\/studiopilates-niort.com\/?page_id=104"},"modified":"2022-08-05T19:13:25","modified_gmt":"2022-08-05T17:13:25","slug":"le-studio%ef%bf%bc","status":"publish","type":"page","link":"https:\/\/studiopilates-niort.com\/?page_id=104","title":{"rendered":"LE STUDIO"},"content":{"rendered":"<h2>Le studio<\/h2>\n<figure class=\"gallery-item\">\n\t\t\t\t<a data-elementor-open-lightbox=\"yes\" data-elementor-lightbox-slideshow=\"6c4d2e4\" data-elementor-lightbox-title=\"IMG_7826\" e-action-hash=\"#elementor-action%3Aaction%3Dlightbox%26settings%3DeyJpZCI6NzYwLCJ1cmwiOiJodHRwczpcL1wvc3R1ZGlvcGlsYXRlcy1uaW9ydC5jb21cL3dwLWNvbnRlbnRcL3VwbG9hZHNcLzIwMjJcLzA2XC9JTUdfNzgyNi5qcGciLCJzbGlkZXNob3ciOiI2YzRkMmU0In0%3D\" href=\"https:\/\/studiopilates-niort.com\/wp-content\/uploads\/2022\/06\/IMG_7826.jpg\"><img width=\"150\" height=\"150\" src=\"https:\/\/studiopilates-niort.com\/wp-content\/uploads\/2022\/06\/IMG_7826-150x150.jpg\" alt=\"\" loading=\"lazy\" srcset=\"https:\/\/studiopilates-niort.com\/wp-content\/uploads\/2022\/06\/IMG_7826-150x150.jpg 150w, https:\/\/studiopilates-niort.com\/wp-content\/uploads\/2022\/06\/IMG_7826-600x600.jpg 600w\" sizes=\"(max-width: 150px) 100vw, 150px\"><\/a><br>\n\t\t\t<\/figure>\n<figure class=\"gallery-item\">\n\t\t\t\t<a data-elementor-open-lightbox=\"yes\" data-elementor-lightbox-slideshow=\"6c4d2e4\" data-elementor-lightbox-title=\"IMG_7823\" e-action-hash=\"#elementor-action%3Aaction%3Dlightbox%26settings%3DeyJpZCI6NzU5LCJ1cmwiOiJodHRwczpcL1wvc3R1ZGlvcGlsYXRlcy1uaW9ydC5jb21cL3dwLWNvbnRlbnRcL3VwbG9hZHNcLzIwMjJcLzA2XC9JTUdfNzgyMy5qcGciLCJzbGlkZXNob3ciOiI2YzRkMmU0In0%3D\" href=\"https:\/\/studiopilates-niort.com\/wp-content\/uploads\/2022\/06\/IMG_7823.jpg\"><img width=\"150\" height=\"150\" src=\"https:\/\/studiopilates-niort.com\/wp-content\/uploads\/2022\/06\/IMG_7823-150x150.jpg\" alt=\"\" loading=\"lazy\" srcset=\"https:\/\/studiopilates-niort.com\/wp-content\/uploads\/2022\/06\/IMG_7823-150x150.jpg 150w, https:\/\/studiopilates-niort.com\/wp-content\/uploads\/2022\/06\/IMG_7823-600x600.jpg 600w\" sizes=\"(max-width: 150px) 100vw, 150px\"><\/a><br>\n\t\t\t<\/figure>\n<figure class=\"gallery-item\">\n\t\t\t\t<a data-elementor-open-lightbox=\"yes\" data-elementor-lightbox-slideshow=\"6c4d2e4\" data-elementor-lightbox-title=\"IMG_7802\" e-action-hash=\"#elementor-action%3Aaction%3Dlightbox%26settings%3DeyJpZCI6NzQ3LCJ1cmwiOiJodHRwczpcL1wvc3R1ZGlvcGlsYXRlcy1uaW9ydC5jb21cL3dwLWNvbnRlbnRcL3VwbG9hZHNcLzIwMjJcLzA2XC9JTUdfNzgwMi5qcGciLCJzbGlkZXNob3ciOiI2YzRkMmU0In0%3D\" href=\"https:\/\/studiopilates-niort.com\/wp-content\/uploads\/2022\/06\/IMG_7802.jpg\"><img width=\"150\" height=\"150\" src=\"https:\/\/studiopilates-niort.com\/wp-content\/uploads\/2022\/06\/IMG_7802-150x150.jpg\" alt=\"\" loading=\"lazy\" srcset=\"https:\/\/studiopilates-niort.com\/wp-content\/uploads\/2022\/06\/IMG_7802-150x150.jpg 150w, https:\/\/studiopilates-niort.com\/wp-content\/uploads\/2022\/06\/IMG_7802-600x600.jpg 600w\" sizes=\"(max-width: 150px) 100vw, 150px\"><\/a><br>\n\t\t\t<\/figure>\n<figure class=\"gallery-item\">\n\t\t\t\t<a data-elementor-open-lightbox=\"yes\" data-elementor-lightbox-slideshow=\"6c4d2e4\" data-elementor-lightbox-title=\"IMG_7818\" e-action-hash=\"#elementor-action%3Aaction%3Dlightbox%26settings%3DeyJpZCI6NzU3LCJ1cmwiOiJodHRwczpcL1wvc3R1ZGlvcGlsYXRlcy1uaW9ydC5jb21cL3dwLWNvbnRlbnRcL3VwbG9hZHNcLzIwMjJcLzA2XC9JTUdfNzgxOC5qcGciLCJzbGlkZXNob3ciOiI2YzRkMmU0In0%3D\" href=\"https:\/\/studiopilates-niort.com\/wp-content\/uploads\/2022\/06\/IMG_7818.jpg\"><img width=\"150\" height=\"150\" src=\"https:\/\/studiopilates-niort.com\/wp-content\/uploads\/2022\/06\/IMG_7818-150x150.jpg\" alt=\"\" loading=\"lazy\" srcset=\"https:\/\/studiopilates-niort.com\/wp-content\/uploads\/2022\/06\/IMG_7818-150x150.jpg 150w, https:\/\/studiopilates-niort.com\/wp-content\/uploads\/2022\/06\/IMG_7818-600x600.jpg 600w\" sizes=\"(max-width: 150px) 100vw, 150px\"><\/a><br>\n\t\t\t<\/figure>\n<figure class=\"gallery-item\">\n\t\t\t\t<a data-elementor-open-lightbox=\"yes\" data-elementor-lightbox-slideshow=\"6c4d2e4\" data-elementor-lightbox-title=\"IMG_7800\" e-action-hash=\"#elementor-action%3Aaction%3Dlightbox%26settings%3DeyJpZCI6NzQ2LCJ1cmwiOiJodHRwczpcL1wvc3R1ZGlvcGlsYXRlcy1uaW9ydC5jb21cL3dwLWNvbnRlbnRcL3VwbG9hZHNcLzIwMjJcLzA2XC9JTUdfNzgwMC5qcGciLCJzbGlkZXNob3ciOiI2YzRkMmU0In0%3D\" href=\"https:\/\/studiopilates-niort.com\/wp-content\/uploads\/2022\/06\/IMG_7800.jpg\"><img width=\"150\" height=\"150\" src=\"https:\/\/studiopilates-niort.com\/wp-content\/uploads\/2022\/06\/IMG_7800-150x150.jpg\" alt=\"\" loading=\"lazy\" srcset=\"https:\/\/studiopilates-niort.com\/wp-content\/uploads\/2022\/06\/IMG_7800-150x150.jpg 150w, https:\/\/studiopilates-niort.com\/wp-content\/uploads\/2022\/06\/IMG_7800-600x600.jpg 600w\" sizes=\"(max-width: 150px) 100vw, 150px\"><\/a><br>\n\t\t\t<\/figure>\n<figure class=\"gallery-item\">\n\t\t\t\t<a data-elementor-open-lightbox=\"yes\" data-elementor-lightbox-slideshow=\"6c4d2e4\" data-elementor-lightbox-title=\"IMG_7821\" e-action-hash=\"#elementor-action%3Aaction%3Dlightbox%26settings%3DeyJpZCI6NzU4LCJ1cmwiOiJodHRwczpcL1wvc3R1ZGlvcGlsYXRlcy1uaW9ydC5jb21cL3dwLWNvbnRlbnRcL3VwbG9hZHNcLzIwMjJcLzA2XC9JTUdfNzgyMS5qcGciLCJzbGlkZXNob3ciOiI2YzRkMmU0In0%3D\" href=\"https:\/\/studiopilates-niort.com\/wp-content\/uploads\/2022\/06\/IMG_7821.jpg\"><img width=\"150\" height=\"150\" src=\"https:\/\/studiopilates-niort.com\/wp-content\/uploads\/2022\/06\/IMG_7821-150x150.jpg\" alt=\"\" loading=\"lazy\" srcset=\"https:\/\/studiopilates-niort.com\/wp-content\/uploads\/2022\/06\/IMG_7821-150x150.jpg 150w, https:\/\/studiopilates-niort.com\/wp-content\/uploads\/2022\/06\/IMG_7821-600x600.jpg 600w\" sizes=\"(max-width: 150px) 100vw, 150px\"><\/a><br>\n\t\t\t<\/figure>\n<figure class=\"gallery-item\">\n\t\t\t\t<a data-elementor-open-lightbox=\"yes\" data-elementor-lightbox-slideshow=\"6c4d2e4\" data-elementor-lightbox-title=\"IMG_7811\" e-action-hash=\"#elementor-action%3Aaction%3Dlightbox%26settings%3DeyJpZCI6NzU0LCJ1cmwiOiJodHRwczpcL1wvc3R1ZGlvcGlsYXRlcy1uaW9ydC5jb21cL3dwLWNvbnRlbnRcL3VwbG9hZHNcLzIwMjJcLzA2XC9JTUdfNzgxMS5qcGciLCJzbGlkZXNob3ciOiI2YzRkMmU0In0%3D\" href=\"https:\/\/studiopilates-niort.com\/wp-content\/uploads\/2022\/06\/IMG_7811.jpg\"><img width=\"150\" height=\"150\" src=\"https:\/\/studiopilates-niort.com\/wp-content\/uploads\/2022\/06\/IMG_7811-150x150.jpg\" alt=\"\" loading=\"lazy\" srcset=\"https:\/\/studiopilates-niort.com\/wp-content\/uploads\/2022\/06\/IMG_7811-150x150.jpg 150w, https:\/\/studiopilates-niort.com\/wp-content\/uploads\/2022\/06\/IMG_7811-600x600.jpg 600w\" sizes=\"(max-width: 150px) 100vw, 150px\"><\/a><br>\n\t\t\t<\/figure>\n<figure class=\"gallery-item\">\n\t\t\t\t<a data-elementor-open-lightbox=\"yes\" data-elementor-lightbox-slideshow=\"6c4d2e4\" data-elementor-lightbox-title=\"IMG_7814\" e-action-hash=\"#elementor-action%3Aaction%3Dlightbox%26settings%3DeyJpZCI6NzU2LCJ1cmwiOiJodHRwczpcL1wvc3R1ZGlvcGlsYXRlcy1uaW9ydC5jb21cL3dwLWNvbnRlbnRcL3VwbG9hZHNcLzIwMjJcLzA2XC9JTUdfNzgxNC5qcGciLCJzbGlkZXNob3ciOiI2YzRkMmU0In0%3D\" href=\"https:\/\/studiopilates-niort.com\/wp-content\/uploads\/2022\/06\/IMG_7814.jpg\"><img width=\"150\" height=\"150\" src=\"https:\/\/studiopilates-niort.com\/wp-content\/uploads\/2022\/06\/IMG_7814-150x150.jpg\" alt=\"\" loading=\"lazy\" srcset=\"https:\/\/studiopilates-niort.com\/wp-content\/uploads\/2022\/06\/IMG_7814-150x150.jpg 150w, https:\/\/studiopilates-niort.com\/wp-content\/uploads\/2022\/06\/IMG_7814-600x600.jpg 600w\" sizes=\"(max-width: 150px) 100vw, 150px\"><\/a><br>\n\t\t\t<\/figure>\n<p><\/p>\n\n\n<\/p>\n<p>Le Studio Pilates est le premier&nbsp;espace d\u00e9di\u00e9 \u00e0 la m\u00e9thode Pilates d&rsquo;origine \u00e0 Niort.<\/p>\n<p>\n\n\n\n<\/p>\n<p>Il se situe au 191 avenue de Limoges. Le stationnement y est facile et assur\u00e9.<\/p>\n<p>Pour votre confort, <b>le Studio est climatis\u00e9<\/b>.<\/p>\n<p>\n\n\n\n<\/p>\n<p>Dans un cadre lumineux et calme, Laetitia Dureau, professeur dipl\u00f4m\u00e9e de l&rsquo;\u00e9cole Romana&rsquo;s Pilates de New York, vous propose des cours adapt\u00e9s \u00e0 votre niveau et \u00e0 votre condition physique.<\/p>\n<p>\n\n\n\n<\/p>\n<p>Les cours se d\u00e9roulent sur rendez-vous :<\/p>\n<p>\n\n\n\n<\/p>\n<ul>\n<li>en individuel sur machines<\/li>\n<li>en semi-collectif au sol<\/li>\n<\/ul>\n<p>\n\n\n\n<\/p>\n<p>Le studio est \u00e9quip\u00e9 des appareils sp\u00e9cifiques \u00e0 la m\u00e9thode : Reformer, Cadillac, Wunda chair, Barrel&#8230; lesquels n&rsquo;auront bient\u00f4t plus de secret pour vous !<\/p>\n<p>\n\n\n\n<\/p>\n<p>\n\n\n<p><\/p>","protected":false},"excerpt":{"rendered":"<p>Le studio Le Studio Pilates est le premier&nbsp;espace d\u00e9di\u00e9 \u00e0 la m\u00e9thode Pilates d&rsquo;origine \u00e0 Niort. Il se situe au 191 avenue de Limoges. Le stationnement y est facile et assur\u00e9. Pour votre confort, le Studio est climatis\u00e9. Dans un cadre lumineux et calme, Laetitia Dureau, professeur dipl\u00f4m\u00e9e de l&rsquo;\u00e9cole Romana&rsquo;s Pilates de New York, [&hellip;]<\/p>\n","protected":false},"author":1,"featured_media":0,"parent":0,"menu_order":0,"comment_status":"closed","ping_status":"closed","template":"","meta":{"_monsterinsights_skip_tracking":false,"_monsterinsights_sitenote_active":false,"_monsterinsights_sitenote_note":"","_monsterinsights_sitenote_category":0,"spay_email":""},"yoast_head":"<!-- This site is optimized with the Yoast SEO plugin v18.6 - https:\/\/yoast.com\/wordpress\/plugins\/seo\/ -->\n<title>LE STUDIO - Studio Pilates de Niort<\/title>\n<meta name=\"robots\" content=\"index, follow, max-snippet:-1, max-image-preview:large, max-video-preview:-1\" \/>\n<link rel=\"canonical\" href=\"https:\/\/studiopilates-niort.com\/?page_id=104\" \/>\n<meta property=\"og:locale\" content=\"fr_FR\" \/>\n<meta property=\"og:type\" content=\"article\" \/>\n<meta property=\"og:title\" content=\"LE STUDIO - Studio Pilates de Niort\" \/>\n<meta property=\"og:description\" content=\"Le studio Le Studio Pilates est le premier&nbsp;espace d\u00e9di\u00e9 \u00e0 la m\u00e9thode Pilates d&rsquo;origine \u00e0 Niort. Il se situe au 191 avenue de Limoges. Le stationnement y est facile et assur\u00e9. Pour votre confort, le Studio est climatis\u00e9. Dans un cadre lumineux et calme, Laetitia Dureau, professeur dipl\u00f4m\u00e9e de l&rsquo;\u00e9cole Romana&rsquo;s Pilates de New York, [&hellip;]\" \/>\n<meta property=\"og:url\" content=\"https:\/\/studiopilates-niort.com\/?page_id=104\" \/>\n<meta property=\"og:site_name\" content=\"Studio Pilates de Niort\" \/>\n<meta property=\"article:modified_time\" content=\"2022-08-05T17:13:25+00:00\" \/>\n<meta property=\"og:image\" content=\"https:\/\/studiopilates-niort.com\/wp-content\/uploads\/2022\/06\/IMG_7826-150x150.jpg\" \/>\n<meta name=\"twitter:card\" content=\"summary_large_image\" \/>\n<meta name=\"twitter:label1\" content=\"Dur\u00e9e de lecture estim\u00e9e\" \/>\n\t<meta name=\"twitter:data1\" content=\"3 minutes\" \/>\n<script type=\"application\/ld+json\" class=\"yoast-schema-graph\">{\"@context\":\"https:\/\/schema.org\",\"@graph\":[{\"@type\":\"WebSite\",\"@id\":\"https:\/\/studiopilates-niort.com\/#website\",\"url\":\"https:\/\/studiopilates-niort.com\/\",\"name\":\"Studio Pilates de Niort\",\"description\":\"Cours de Pilates particuliers sur machines (reformer, cadillac, barrel, wunda chair) et semi collectifs au sol ; \u00e9cole Romana&#039;s Pilates\",\"potentialAction\":[{\"@type\":\"SearchAction\",\"target\":{\"@type\":\"EntryPoint\",\"urlTemplate\":\"https:\/\/studiopilates-niort.com\/?s={search_term_string}\"},\"query-input\":\"required name=search_term_string\"}],\"inLanguage\":\"fr-FR\"},{\"@type\":\"ImageObject\",\"@id\":\"https:\/\/studiopilates-niort.com\/?page_id=104#primaryimage\",\"inLanguage\":\"fr-FR\",\"url\":\"https:\/\/studiopilates-niort.com\/wp-content\/uploads\/2022\/06\/IMG_7826.jpg\",\"contentUrl\":\"https:\/\/studiopilates-niort.com\/wp-content\/uploads\/2022\/06\/IMG_7826.jpg\",\"width\":2016,\"height\":1512},{\"@type\":\"WebPage\",\"@id\":\"https:\/\/studiopilates-niort.com\/?page_id=104#webpage\",\"url\":\"https:\/\/studiopilates-niort.com\/?page_id=104\",\"name\":\"LE STUDIO - Studio Pilates de Niort\",\"isPartOf\":{\"@id\":\"https:\/\/studiopilates-niort.com\/#website\"},\"primaryImageOfPage\":{\"@id\":\"https:\/\/studiopilates-niort.com\/?page_id=104#primaryimage\"},\"datePublished\":\"2022-04-14T11:36:04+00:00\",\"dateModified\":\"2022-08-05T17:13:25+00:00\",\"breadcrumb\":{\"@id\":\"https:\/\/studiopilates-niort.com\/?page_id=104#breadcrumb\"},\"inLanguage\":\"fr-FR\",\"potentialAction\":[{\"@type\":\"ReadAction\",\"target\":[\"https:\/\/studiopilates-niort.com\/?page_id=104\"]}]},{\"@type\":\"BreadcrumbList\",\"@id\":\"https:\/\/studiopilates-niort.com\/?page_id=104#breadcrumb\",\"itemListElement\":[{\"@type\":\"ListItem\",\"position\":1,\"name\":\"Accueil\",\"item\":\"https:\/\/studiopilates-niort.com\/\"},{\"@type\":\"ListItem\",\"position\":2,\"name\":\"LE STUDIO\"}]}]}<\/script>\n<!-- \/ Yoast SEO plugin. -->","yoast_head_json":{"title":"LE STUDIO - Studio Pilates de Niort","robots":{"index":"index","follow":"follow","max-snippet":"max-snippet:-1","max-image-preview":"max-image-preview:large","max-video-preview":"max-video-preview:-1"},"canonical":"https:\/\/studiopilates-niort.com\/?page_id=104","og_locale":"fr_FR","og_type":"article","og_title":"LE STUDIO - Studio Pilates de Niort","og_description":"Le studio Le Studio Pilates est le premier&nbsp;espace d\u00e9di\u00e9 \u00e0 la m\u00e9thode Pilates d&rsquo;origine \u00e0 Niort. Il se situe au 191 avenue de Limoges. Le stationnement y est facile et assur\u00e9. Pour votre confort, le Studio est climatis\u00e9. Dans un cadre lumineux et calme, Laetitia Dureau, professeur dipl\u00f4m\u00e9e de l&rsquo;\u00e9cole Romana&rsquo;s Pilates de New York, [&hellip;]","og_url":"https:\/\/studiopilates-niort.com\/?page_id=104","og_site_name":"Studio Pilates de Niort","article_modified_time":"2022-08-05T17:13:25+00:00","og_image":[{"url":"https:\/\/studiopilates-niort.com\/wp-content\/uploads\/2022\/06\/IMG_7826-150x150.jpg"}],"twitter_card":"summary_large_image","twitter_misc":{"Dur\u00e9e de lecture estim\u00e9e":"3 minutes"},"schema":{"@context":"https:\/\/schema.org","@graph":[{"@type":"WebSite","@id":"https:\/\/studiopilates-niort.com\/#website","url":"https:\/\/studiopilates-niort.com\/","name":"Studio Pilates de Niort","description":"Cours de Pilates particuliers sur machines (reformer, cadillac, barrel, wunda chair) et semi collectifs au sol ; \u00e9cole Romana&#039;s Pilates","potentialAction":[{"@type":"SearchAction","target":{"@type":"EntryPoint","urlTemplate":"https:\/\/studiopilates-niort.com\/?s={search_term_string}"},"query-input":"required name=search_term_string"}],"inLanguage":"fr-FR"},{"@type":"ImageObject","@id":"https:\/\/studiopilates-niort.com\/?page_id=104#primaryimage","inLanguage":"fr-FR","url":"https:\/\/studiopilates-niort.com\/wp-content\/uploads\/2022\/06\/IMG_7826.jpg","contentUrl":"https:\/\/studiopilates-niort.com\/wp-content\/uploads\/2022\/06\/IMG_7826.jpg","width":2016,"height":1512},{"@type":"WebPage","@id":"https:\/\/studiopilates-niort.com\/?page_id=104#webpage","url":"https:\/\/studiopilates-niort.com\/?page_id=104","name":"LE STUDIO - Studio Pilates de Niort","isPartOf":{"@id":"https:\/\/studiopilates-niort.com\/#website"},"primaryImageOfPage":{"@id":"https:\/\/studiopilates-niort.com\/?page_id=104#primaryimage"},"datePublished":"2022-04-14T11:36:04+00:00","dateModified":"2022-08-05T17:13:25+00:00","breadcrumb":{"@id":"https:\/\/studiopilates-niort.com\/?page_id=104#breadcrumb"},"inLanguage":"fr-FR","potentialAction":[{"@type":"ReadAction","target":["https:\/\/studiopilates-niort.com\/?page_id=104"]}]},{"@type":"BreadcrumbList","@id":"https:\/\/studiopilates-niort.com\/?page_id=104#breadcrumb","itemListElement":[{"@type":"ListItem","position":1,"name":"Accueil","item":"https:\/\/studiopilates-niort.com\/"},{"@type":"ListItem","position":2,"name":"LE STUDIO"}]}]}},"_links":{"self":[{"href":"https:\/\/studiopilates-niort.com\/index.php?rest_route=\/wp\/v2\/pages\/104"}],"collection":[{"href":"https:\/\/studiopilates-niort.com\/index.php?rest_route=\/wp\/v2\/pages"}],"about":[{"href":"https:\/\/studiopilates-niort.com\/index.php?rest_route=\/wp\/v2\/types\/page"}],"author":[{"embeddable":true,"href":"https:\/\/studiopilates-niort.com\/index.php?rest_route=\/wp\/v2\/users\/1"}],"replies":[{"embeddable":true,"href":"https:\/\/studiopilates-niort.com\/index.php?rest_route=%2Fwp%2Fv2%2Fcomments&post=104"}],"version-history":[{"count":40,"href":"https:\/\/studiopilates-niort.com\/index.php?rest_route=\/wp\/v2\/pages\/104\/revisions"}],"predecessor-version":[{"id":788,"href":"https:\/\/studiopilates-niort.com\/index.php?rest_route=\/wp\/v2\/pages\/104\/revisions\/788"}],"wp:attachment":[{"href":"https:\/\/studiopilates-niort.com\/index.php?rest_route=%2Fwp%2Fv2%2Fmedia&parent=104"}],"curies":[{"name":"wp","href":"https:\/\/api.w.org\/{rel}","templated":true}]}}